{"id":797,"date":"2025-06-20T15:52:02","date_gmt":"2025-06-20T15:52:02","guid":{"rendered":"https:\/\/fisioterapia.facmed.unam.mx\/?page_id=797"},"modified":"2026-04-14T15:23:48","modified_gmt":"2026-04-14T15:23:48","slug":"alumnos","status":"publish","type":"page","link":"https:\/\/fisioterapia.facmed.unam.mx\/index.php\/alumnos\/","title":{"rendered":"Alumnos"},"content":{"rendered":"<p>[et_pb_section fb_built=\u00bb1&#8243; fullwidth=\u00bbon\u00bb _builder_version=\u00bb4.16&#8243; _module_preset=\u00bbdefault\u00bb global_colors_info=\u00bb{}\u00bb][et_pb_fullwidth_header title=\u00bbALUMNOS\u00bb _builder_version=\u00bb4.16&#8243; _module_preset=\u00bbdefault\u00bb title_font=\u00bbRaleway|900||on|||||\u00bb title_text_align=\u00bbcenter\u00bb title_font_size=\u00bb130px\u00bb title_letter_spacing=\u00bb6px\u00bb subhead_font=\u00bbRaleway|700||on|||||\u00bb subhead_text_align=\u00bbcenter\u00bb subhead_font_size=\u00bb19px\u00bb subhead_letter_spacing=\u00bb3px\u00bb background_color=\u00bb#105fd3&#8243; background_image=\u00bbhttps:\/\/fisioterapia.facmed.unam.mx\/wp-content\/uploads\/2023\/11\/Tomando-clase-scaled.jpg\u00bb background_blend=\u00bbmultiply\u00bb custom_margin=\u00bb-20px||-20px||true|false\u00bb custom_padding=\u00bb110px||110px||true|false\u00bb filter_brightness=\u00bb102%\u00bb title_text_shadow_style=\u00bbpreset1&#8243; title_text_shadow_horizontal_length=\u00bb-0.01em\u00bb title_text_shadow_vertical_length=\u00bb0.07em\u00bb title_text_shadow_blur_strength=\u00bb0.13em\u00bb title_text_shadow_color=\u00bb#000000&#8243; global_colors_info=\u00bb{}\u00bb][\/et_pb_fullwidth_header][\/et_pb_section][et_pb_section fb_built=\u00bb1&#8243; _builder_version=\u00bb4.16&#8243; _module_preset=\u00bbdefault\u00bb background_color=\u00bb#edecec\u00bb custom_padding=\u00bb12px||12px||true|false\u00bb box_shadow_style=\u00bbpreset3&#8243; box_shadow_vertical=\u00bb20px\u00bb box_shadow_blur=\u00bb17px\u00bb box_shadow_spread=\u00bb-20px\u00bb locked=\u00bboff\u00bb global_colors_info=\u00bb{}\u00bb][et_pb_row _builder_version=\u00bb4.16&#8243; _module_preset=\u00bbdefault\u00bb global_colors_info=\u00bb{}\u00bb][et_pb_column type=\u00bb4_4&#8243; _builder_version=\u00bb4.16&#8243; _module_preset=\u00bbdefault\u00bb global_colors_info=\u00bb{}\u00bb][et_pb_text _builder_version=\u00bb4.16&#8243; _module_preset=\u00bbdefault\u00bb text_font=\u00bbRaleway||||||||\u00bb text_text_color=\u00bb#4A4A4A\u00bb text_font_size=\u00bb16px\u00bb link_font=\u00bbRaleway|700|||||||\u00bb link_text_color=\u00bb#474747&#8243; link_font_size=\u00bb16px\u00bb header_5_font=\u00bbRaleway|100|||||||\u00bb global_colors_info=\u00bb{}\u00bb]<\/p>\n<p style=\"text-align: center;\"><strong><a href=\"https:\/\/fisioterapia.facmed.unam.mx\/?page_id=670\" title=\"Inicio\">Inicio<\/a><\/strong> \/ Alumnos<\/p>\n<p>[\/et_pb_text][\/et_pb_column][\/et_pb_row][\/et_pb_section][et_pb_section fb_built=\u00bb1&#8243; _builder_version=\u00bb4.16&#8243; _module_preset=\u00bbdefault\u00bb custom_padding=\u00bb31px||29px|||\u00bb locked=\u00bboff\u00bb global_colors_info=\u00bb{}\u00bb][et_pb_row _builder_version=\u00bb4.16&#8243; _module_preset=\u00bbdefault\u00bb locked=\u00bboff\u00bb global_colors_info=\u00bb{}\u00bb][et_pb_column type=\u00bb4_4&#8243; _builder_version=\u00bb4.16&#8243; _module_preset=\u00bbdefault\u00bb global_colors_info=\u00bb{}\u00bb][et_pb_text _builder_version=\u00bb4.16&#8243; _module_preset=\u00bbdefault\u00bb header_font=\u00bbRaleway|900||on|||||\u00bb header_text_align=\u00bbcenter\u00bb header_text_color=\u00bb#00265E\u00bb header_font_size=\u00bb45px\u00bb header_letter_spacing=\u00bb3px\u00bb min_height=\u00bb52px\u00bb custom_padding=\u00bb0px|70px||70px|false|true\u00bb border_color_all=\u00bb#FFFFFF\u00bb border_width_bottom=\u00bb2px\u00bb border_color_bottom=\u00bb#D6A03C\u00bb box_shadow_style=\u00bbpreset3&#8243; box_shadow_horizontal=\u00bb1px\u00bb box_shadow_vertical=\u00bb7px\u00bb box_shadow_blur=\u00bb8px\u00bb box_shadow_spread=\u00bb-8px\u00bb locked=\u00bboff\u00bb global_colors_info=\u00bb{}\u00bb]<\/p>\n<h1>calendarIOS ESCOLARES<\/h1>\n<p>[\/et_pb_text][\/et_pb_column][\/et_pb_row][et_pb_row _builder_version=\u00bb4.16&#8243; _module_preset=\u00bbdefault\u00bb width=\u00bb65%\u00bb min_height=\u00bb240.2px\u00bb custom_margin=\u00bb-10px||-10px||true|false\u00bb custom_padding=\u00bb17px||17px||true|false\u00bb animation_style=\u00bbslide\u00bb animation_direction=\u00bbleft\u00bb animation_duration=\u00bb1500ms\u00bb animation_delay=\u00bb200ms\u00bb locked=\u00bboff\u00bb global_colors_info=\u00bb{}\u00bb][et_pb_column type=\u00bb4_4&#8243; _builder_version=\u00bb4.16&#8243; _module_preset=\u00bbdefault\u00bb background_color=\u00bb#3369af\u00bb custom_padding=\u00bb40px||40px||true|true\u00bb link_option_url=\u00bbhttps:\/\/fisioterapia.facmed.unam.mx\/wp-content\/uploads\/2025\/08\/CALENDARIO-ESCOLAR-LICENCIATURA-EN-FISIOTERAPIA.pdf\u00bb link_option_url_new_window=\u00bbon\u00bb border_radii=\u00bbon|12px|12px|12px|12px\u00bb box_shadow_style=\u00bbpreset3&#8243; box_shadow_horizontal=\u00bb2px\u00bb box_shadow_vertical=\u00bb11px\u00bb box_shadow_blur=\u00bb7px\u00bb box_shadow_spread=\u00bb-7px\u00bb global_colors_info=\u00bb{}\u00bb][et_pb_icon font_icon=\u00bb&#xf133;||fa||900&#8243; icon_color=\u00bb#FFFFFF\u00bb icon_width=\u00bb41px\u00bb _builder_version=\u00bb4.16&#8243; _module_preset=\u00bbdefault\u00bb custom_margin=\u00bb20px||30px||false|false\u00bb global_colors_info=\u00bb{}\u00bb][\/et_pb_icon][et_pb_text _builder_version=\u00bb4.27.5&#8243; _module_preset=\u00bbdefault\u00bb text_font_size=\u00bb43px\u00bb header_2_font=\u00bbRaleway|900||on|||||\u00bb header_2_text_color=\u00bb#FFFFFF\u00bb header_2_font_size=\u00bb30px\u00bb custom_margin=\u00bb-10px||||false|false\u00bb global_colors_info=\u00bb{}\u00bb]<\/p>\n<h2 style=\"text-align: center;\">calendario oficial unam<\/h2>\n<p>[\/et_pb_text][\/et_pb_column][\/et_pb_row][\/et_pb_section][et_pb_section fb_built=\u00bb1&#8243; _builder_version=\u00bb4.16&#8243; _module_preset=\u00bbdefault\u00bb background_color=\u00bb#f3f3f3&#8243; custom_padding=\u00bb31px||29px|||\u00bb box_shadow_style=\u00bbpreset3&#8243; box_shadow_vertical=\u00bb14px\u00bb box_shadow_blur=\u00bb22px\u00bb box_shadow_spread=\u00bb-12px\u00bb global_colors_info=\u00bb{}\u00bb][et_pb_row _builder_version=\u00bb4.16&#8243; _module_preset=\u00bbdefault\u00bb locked=\u00bboff\u00bb global_colors_info=\u00bb{}\u00bb][et_pb_column type=\u00bb4_4&#8243; _builder_version=\u00bb4.16&#8243; _module_preset=\u00bbdefault\u00bb global_colors_info=\u00bb{}\u00bb][et_pb_text _builder_version=\u00bb4.16&#8243; _module_preset=\u00bbdefault\u00bb header_font=\u00bbRaleway|900||on|||||\u00bb header_text_align=\u00bbcenter\u00bb header_text_color=\u00bb#00265E\u00bb header_font_size=\u00bb45px\u00bb header_letter_spacing=\u00bb3px\u00bb min_height=\u00bb52px\u00bb custom_padding=\u00bb0px|70px||70px|false|true\u00bb border_color_all=\u00bb#FFFFFF\u00bb border_width_bottom=\u00bb2px\u00bb border_color_bottom=\u00bb#D6A03C\u00bb box_shadow_style=\u00bbpreset3&#8243; box_shadow_horizontal=\u00bb1px\u00bb box_shadow_vertical=\u00bb7px\u00bb box_shadow_blur=\u00bb8px\u00bb box_shadow_spread=\u00bb-8px\u00bb locked=\u00bboff\u00bb global_colors_info=\u00bb{}\u00bb]<\/p>\n<h1>SERVICIOS ESCOLARES<\/h1>\n<p>[\/et_pb_text][\/et_pb_column][\/et_pb_row][et_pb_row column_structure=\u00bb1_2,1_2&#8243; _builder_version=\u00bb4.16&#8243; _module_preset=\u00bbdefault\u00bb width=\u00bb65%\u00bb min_height=\u00bb240.2px\u00bb custom_margin=\u00bb-10px||-10px||true|false\u00bb custom_padding=\u00bb||0px||false|false\u00bb animation_style=\u00bbslide\u00bb animation_direction=\u00bbleft\u00bb animation_duration=\u00bb1500ms\u00bb animation_delay=\u00bb200ms\u00bb locked=\u00bboff\u00bb global_colors_info=\u00bb{}\u00bb][et_pb_column type=\u00bb1_2&#8243; _builder_version=\u00bb4.16&#8243; _module_preset=\u00bbdefault\u00bb background_color=\u00bb#3369af\u00bb custom_padding=\u00bb39px||39px||true|true\u00bb link_option_url=\u00bbhttps:\/\/fisioterapia.facmed.unam.mx\/?page_id=810&#8243; border_radii=\u00bbon|12px|12px|12px|12px\u00bb box_shadow_style=\u00bbpreset3&#8243; box_shadow_horizontal=\u00bb2px\u00bb box_shadow_vertical=\u00bb11px\u00bb box_shadow_blur=\u00bb7px\u00bb box_shadow_spread=\u00bb-7px\u00bb global_colors_info=\u00bb{}\u00bb][et_pb_icon font_icon=\u00bb&#xf304;||fa||900&#8243; icon_color=\u00bb#FFFFFF\u00bb icon_width=\u00bb41px\u00bb _builder_version=\u00bb4.16&#8243; _module_preset=\u00bbdefault\u00bb custom_margin=\u00bb20px||30px||false|false\u00bb global_colors_info=\u00bb{}\u00bb][\/et_pb_icon][et_pb_text _builder_version=\u00bb4.16&#8243; _module_preset=\u00bbdefault\u00bb text_font_size=\u00bb43px\u00bb header_2_font=\u00bbRaleway|900||on|||||\u00bb header_2_text_color=\u00bb#FFFFFF\u00bb header_2_font_size=\u00bb30px\u00bb custom_margin=\u00bb-10px||||false|false\u00bb global_colors_info=\u00bb{}\u00bb]<\/p>\n<h2 style=\"text-align: center;\">ENSE\u00d1ANZA CL\u00cdNICA<\/h2>\n<p>[\/et_pb_text][\/et_pb_column][et_pb_column type=\u00bb1_2&#8243; _builder_version=\u00bb4.16&#8243; _module_preset=\u00bbdefault\u00bb background_color=\u00bb#3369af\u00bb custom_padding=\u00bb39px||39px||true|true\u00bb link_option_url=\u00bbhttps:\/\/fisioterapia.facmed.unam.mx\/index.php\/servicio-social\/\u00bb border_radii=\u00bbon|12px|12px|12px|12px\u00bb box_shadow_style=\u00bbpreset3&#8243; box_shadow_horizontal=\u00bb2px\u00bb box_shadow_vertical=\u00bb11px\u00bb box_shadow_blur=\u00bb7px\u00bb box_shadow_spread=\u00bb-7px\u00bb global_colors_info=\u00bb{}\u00bb][et_pb_icon font_icon=\u00bb&#xf500;||fa||900&#8243; icon_color=\u00bb#FFFFFF\u00bb icon_width=\u00bb41px\u00bb _builder_version=\u00bb4.16&#8243; _module_preset=\u00bbdefault\u00bb custom_margin=\u00bb20px||30px||false|false\u00bb locked=\u00bboff\u00bb global_colors_info=\u00bb{}\u00bb][\/et_pb_icon][et_pb_text _builder_version=\u00bb4.16&#8243; _module_preset=\u00bbdefault\u00bb text_font_size=\u00bb43px\u00bb header_2_font=\u00bbRaleway|900||on|||||\u00bb header_2_text_color=\u00bb#FFFFFF\u00bb header_2_font_size=\u00bb30px\u00bb custom_margin=\u00bb-10px||||false|false\u00bb locked=\u00bboff\u00bb global_colors_info=\u00bb{}\u00bb]<\/p>\n<h2 style=\"text-align: center;\">SERVICIO SOCIAL<\/h2>\n<p>[\/et_pb_text][\/et_pb_column][\/et_pb_row][et_pb_row column_structure=\u00bb1_2,1_2&#8243; _builder_version=\u00bb4.16&#8243; _module_preset=\u00bbdefault\u00bb width=\u00bb65%\u00bb min_height=\u00bb243.2px\u00bb custom_margin=\u00bb-10px||-10px||true|false\u00bb custom_padding=\u00bb||0px||false|false\u00bb animation_style=\u00bbslide\u00bb animation_direction=\u00bbright\u00bb animation_duration=\u00bb1500ms\u00bb animation_delay=\u00bb200ms\u00bb locked=\u00bboff\u00bb global_colors_info=\u00bb{}\u00bb][et_pb_column type=\u00bb1_2&#8243; _builder_version=\u00bb4.16&#8243; _module_preset=\u00bbdefault\u00bb background_color=\u00bb#3369af\u00bb custom_padding=\u00bb39px||39px||true|true\u00bb link_option_url=\u00bbhttps:\/\/fisioterapia.facmed.unam.mx\/index.php\/titulacion\/\u00bb border_radii=\u00bbon|12px|12px|12px|12px\u00bb box_shadow_style=\u00bbpreset3&#8243; box_shadow_horizontal=\u00bb2px\u00bb box_shadow_vertical=\u00bb11px\u00bb box_shadow_blur=\u00bb7px\u00bb box_shadow_spread=\u00bb-7px\u00bb global_colors_info=\u00bb{}\u00bb][et_pb_icon font_icon=\u00bb&#xf19d;||fa||900&#8243; icon_color=\u00bb#FFFFFF\u00bb icon_width=\u00bb41px\u00bb _builder_version=\u00bb4.16&#8243; _module_preset=\u00bbdefault\u00bb custom_margin=\u00bb20px||30px||false|false\u00bb global_colors_info=\u00bb{}\u00bb][\/et_pb_icon][et_pb_text _builder_version=\u00bb4.16&#8243; _module_preset=\u00bbdefault\u00bb text_font_size=\u00bb43px\u00bb header_2_font=\u00bbRaleway|900||on|||||\u00bb header_2_text_color=\u00bb#FFFFFF\u00bb header_2_font_size=\u00bb30px\u00bb custom_margin=\u00bb-10px||||false|false\u00bb global_colors_info=\u00bb{}\u00bb]<\/p>\n<h2 style=\"text-align: center;\">TITULACI\u00d3N<\/h2>\n<p>[\/et_pb_text][\/et_pb_column][et_pb_column type=\u00bb1_2&#8243; _builder_version=\u00bb4.16&#8243; _module_preset=\u00bbdefault\u00bb background_color=\u00bb#3369af\u00bb custom_padding=\u00bb39px||39px||true|true\u00bb link_option_url=\u00bbhttps:\/\/fisioterapia.facmed.unam.mx\/?page_id=683&#8243; border_radii=\u00bbon|12px|12px|12px|12px\u00bb box_shadow_style=\u00bbpreset3&#8243; box_shadow_horizontal=\u00bb2px\u00bb box_shadow_vertical=\u00bb11px\u00bb box_shadow_blur=\u00bb7px\u00bb box_shadow_spread=\u00bb-7px\u00bb global_colors_info=\u00bb{}\u00bb][et_pb_icon font_icon=\u00bb&#xf19d;||fa||900&#8243; icon_color=\u00bb#FFFFFF\u00bb icon_width=\u00bb41px\u00bb _builder_version=\u00bb4.16&#8243; _module_preset=\u00bbdefault\u00bb custom_margin=\u00bb20px||30px||false|false\u00bb global_colors_info=\u00bb{}\u00bb][\/et_pb_icon][et_pb_text _builder_version=\u00bb4.16&#8243; _module_preset=\u00bbdefault\u00bb text_font_size=\u00bb43px\u00bb header_2_font=\u00bbRaleway|900||on|||||\u00bb header_2_text_color=\u00bb#FFFFFF\u00bb header_2_font_size=\u00bb30px\u00bb custom_margin=\u00bb-10px||||false|false\u00bb global_colors_info=\u00bb{}\u00bb]<\/p>\n<h2 style=\"text-align: center;\">egresados<\/h2>\n<p>[\/et_pb_text][\/et_pb_column][\/et_pb_row][\/et_pb_section][et_pb_section fb_built=\u00bb1&#8243; _builder_version=\u00bb4.16&#8243; _module_preset=\u00bbdefault\u00bb background_color=\u00bb#FFFFFF\u00bb custom_padding=\u00bb13px||6px|||\u00bb locked=\u00bboff\u00bb global_colors_info=\u00bb{}\u00bb][et_pb_row _builder_version=\u00bb4.16&#8243; _module_preset=\u00bbdefault\u00bb global_colors_info=\u00bb{}\u00bb][et_pb_column type=\u00bb4_4&#8243; _builder_version=\u00bb4.16&#8243; _module_preset=\u00bbdefault\u00bb global_colors_info=\u00bb{}\u00bb][et_pb_text _builder_version=\u00bb4.16&#8243; _module_preset=\u00bbdefault\u00bb header_font=\u00bbRaleway|900||on|||||\u00bb header_text_align=\u00bbcenter\u00bb header_text_color=\u00bb#00265E\u00bb header_font_size=\u00bb45px\u00bb header_letter_spacing=\u00bb3px\u00bb min_height=\u00bb52px\u00bb custom_padding=\u00bb0px|70px||70px|false|true\u00bb border_color_all=\u00bb#FFFFFF\u00bb border_width_bottom=\u00bb2px\u00bb border_color_bottom=\u00bb#D6A03C\u00bb box_shadow_style=\u00bbpreset3&#8243; box_shadow_horizontal=\u00bb1px\u00bb box_shadow_vertical=\u00bb7px\u00bb box_shadow_blur=\u00bb8px\u00bb box_shadow_spread=\u00bb-8px\u00bb locked=\u00bboff\u00bb global_colors_info=\u00bb{}\u00bb]<\/p>\n<h1>SERVICIOS INTEGRALES<\/h1>\n<h1>PARA EL BIENESTAR<\/h1>\n<p>[\/et_pb_text][\/et_pb_column][\/et_pb_row][et_pb_row column_structure=\u00bb1_2,1_2&#8243; _builder_version=\u00bb4.16&#8243; _module_preset=\u00bbdefault\u00bb animation_style=\u00bbslide\u00bb animation_direction=\u00bbleft\u00bb animation_duration=\u00bb1150ms\u00bb animation_delay=\u00bb200ms\u00bb animation_starting_opacity=\u00bb69%\u00bb global_colors_info=\u00bb{}\u00bb][et_pb_column type=\u00bb1_2&#8243; _builder_version=\u00bb4.16&#8243; _module_preset=\u00bbdefault\u00bb global_colors_info=\u00bb{}\u00bb][et_pb_image src=\u00bbhttps:\/\/fisioterapia.facmed.unam.mx\/wp-content\/uploads\/2023\/11\/servicio-medico.jpeg\u00bb title_text=\u00bbservicio medico\u00bb _builder_version=\u00bb4.16&#8243; _module_preset=\u00bbdefault\u00bb transform_scale=\u00bb110%|110%\u00bb transform_translate=\u00bb20px|0px\u00bb transform_translate_linked=\u00bboff\u00bb global_colors_info=\u00bb{}\u00bb][\/et_pb_image][\/et_pb_column][et_pb_column type=\u00bb1_2&#8243; _builder_version=\u00bb4.16&#8243; _module_preset=\u00bbdefault\u00bb transform_scale=\u00bb110%|110%\u00bb custom_padding=\u00bb40px||40px|0px|true|false\u00bb global_colors_info=\u00bb{}\u00bb][et_pb_button button_url=\u00bbhttps:\/\/www.youtube.com\/watch?v=d50ZJYoelZ4&#038;feature=youtu.be\u00bb url_new_window=\u00bbon\u00bb button_text=\u00bbSEGURO DE SALUD IMSS\u00bb button_alignment=\u00bbcenter\u00bb _builder_version=\u00bb4.16&#8243; _module_preset=\u00bbdefault\u00bb custom_button=\u00bbon\u00bb button_text_size=\u00bb22px\u00bb button_text_color=\u00bb#FFFFFF\u00bb button_bg_color=\u00bb#253E78&#8243; button_border_width=\u00bb0px\u00bb button_border_radius=\u00bb7px\u00bb button_letter_spacing=\u00bb1px\u00bb button_font=\u00bbRaleway|800|||||||\u00bb button_use_icon=\u00bboff\u00bb custom_padding=\u00bb|26px||26px|false|true\u00bb global_colors_info=\u00bb{}\u00bb][\/et_pb_button][et_pb_button button_url=\u00bbhttps:\/\/fisioterapia.facmed.unam.mx\/wp-content\/uploads\/2024\/06\/SM-AP.pdf\u00bb url_new_window=\u00bbon\u00bb button_text=\u00bbSERVICIO M\u00c9DICO\u00bb button_alignment=\u00bbcenter\u00bb _builder_version=\u00bb4.16&#8243; _module_preset=\u00bbdefault\u00bb custom_button=\u00bbon\u00bb button_text_size=\u00bb22px\u00bb button_text_color=\u00bb#FFFFFF\u00bb button_bg_color=\u00bb#253E78&#8243; button_border_width=\u00bb0px\u00bb button_border_radius=\u00bb7px\u00bb button_letter_spacing=\u00bb1px\u00bb button_font=\u00bbRaleway|800|||||||\u00bb button_use_icon=\u00bboff\u00bb custom_padding=\u00bb|62px||62px|false|true\u00bb locked=\u00bboff\u00bb global_colors_info=\u00bb{}\u00bb][\/et_pb_button][et_pb_button button_url=\u00bbhttps:\/\/fisioterapia.facmed.unam.mx\/wp-content\/uploads\/2022\/02\/Lineamientos_280521_15h.pdf\u00bb url_new_window=\u00bbon\u00bb button_text=\u00bbLINEAMIENTOS COVID-19&#8243; button_alignment=\u00bbcenter\u00bb _builder_version=\u00bb4.16&#8243; _module_preset=\u00bbdefault\u00bb custom_button=\u00bbon\u00bb button_text_size=\u00bb22px\u00bb button_text_color=\u00bb#FFFFFF\u00bb button_bg_color=\u00bb#253E78&#8243; button_border_width=\u00bb0px\u00bb button_border_radius=\u00bb7px\u00bb button_letter_spacing=\u00bb1px\u00bb button_font=\u00bbRaleway|800|||||||\u00bb button_use_icon=\u00bboff\u00bb custom_padding=\u00bb|22px||22px|false|true\u00bb locked=\u00bboff\u00bb global_colors_info=\u00bb{}\u00bb][\/et_pb_button][\/et_pb_column][\/et_pb_row][\/et_pb_section][et_pb_section fb_built=\u00bb1&#8243; disabled_on=\u00bboff|off|off\u00bb _builder_version=\u00bb4.16&#8243; _module_preset=\u00bbdefault\u00bb background_color=\u00bb#f3f3f3&#8243; custom_padding=\u00bb29px||49px||false|false\u00bb locked=\u00bboff\u00bb global_colors_info=\u00bb{}\u00bb][et_pb_row disabled_on=\u00bboff|off|off\u00bb _builder_version=\u00bb4.16&#8243; _module_preset=\u00bbdefault\u00bb global_colors_info=\u00bb{}\u00bb][et_pb_column type=\u00bb4_4&#8243; _builder_version=\u00bb4.16&#8243; _module_preset=\u00bbdefault\u00bb global_colors_info=\u00bb{}\u00bb][et_pb_text _builder_version=\u00bb4.16&#8243; _module_preset=\u00bbdefault\u00bb header_font=\u00bbRaleway|900||on|||||\u00bb header_text_align=\u00bbcenter\u00bb header_text_color=\u00bb#00265E\u00bb header_font_size=\u00bb45px\u00bb header_letter_spacing=\u00bb4px\u00bb custom_padding=\u00bb0px|70px||70px|false|true\u00bb border_color_all=\u00bb#FFFFFF\u00bb border_width_bottom=\u00bb2px\u00bb border_color_bottom=\u00bb#D6A03C\u00bb box_shadow_style=\u00bbpreset3&#8243; box_shadow_horizontal=\u00bb1px\u00bb box_shadow_vertical=\u00bb7px\u00bb box_shadow_blur=\u00bb8px\u00bb box_shadow_spread=\u00bb-8px\u00bb locked=\u00bboff\u00bb global_colors_info=\u00bb{}\u00bb]<\/p>\n<h1>directorio<\/h1>\n<p>[\/et_pb_text][\/et_pb_column][\/et_pb_row][et_pb_row _builder_version=\u00bb4.16&#8243; _module_preset=\u00bbdefault\u00bb global_colors_info=\u00bb{}\u00bb][et_pb_column type=\u00bb4_4&#8243; _builder_version=\u00bb4.16&#8243; _module_preset=\u00bbdefault\u00bb global_colors_info=\u00bb{}\u00bb][et_pb_image src=\u00bbhttps:\/\/fisioterapia.facmed.unam.mx\/wp-content\/uploads\/2025\/09\/Editable-CARLA-URESTY-VALENCIA.png\u00bb title_text=\u00bbEditable CARLA URESTY VALENCIA\u00bb align=\u00bbcenter\u00bb _builder_version=\u00bb4.16&#8243; _module_preset=\u00bbdefault\u00bb width=\u00bb66%\u00bb global_colors_info=\u00bb{}\u00bb][\/et_pb_image][\/et_pb_column][\/et_pb_row][et_pb_row column_structure=\u00bb1_2,1_2&#8243; _builder_version=\u00bb4.16&#8243; _module_preset=\u00bbdefault\u00bb global_colors_info=\u00bb{}\u00bb][et_pb_column type=\u00bb1_2&#8243; _builder_version=\u00bb4.16&#8243; _module_preset=\u00bbdefault\u00bb global_colors_info=\u00bb{}\u00bb][et_pb_image src=\u00bbhttps:\/\/fisioterapia.facmed.unam.mx\/wp-content\/uploads\/2025\/09\/Editable-JOSE-ANTONIO-CANETE-copia.png\u00bb title_text=\u00bbEditable JOSE ANTONIO CA\u00d1ETE &#8211; copia\u00bb _builder_version=\u00bb4.16&#8243; _module_preset=\u00bbdefault\u00bb global_colors_info=\u00bb{}\u00bb][\/et_pb_image][\/et_pb_column][et_pb_column type=\u00bb1_2&#8243; _builder_version=\u00bb4.16&#8243; _module_preset=\u00bbdefault\u00bb global_colors_info=\u00bb{}\u00bb][et_pb_image src=\u00bbhttps:\/\/fisioterapia.facmed.unam.mx\/wp-content\/uploads\/2025\/09\/Editable-Francisco-Duarte.png\u00bb title_text=\u00bbEditable Francisco Duarte\u00bb _builder_version=\u00bb4.16&#8243; _module_preset=\u00bbdefault\u00bb global_colors_info=\u00bb{}\u00bb][\/et_pb_image][\/et_pb_column][\/et_pb_row][\/et_pb_section][et_pb_section fb_built=\u00bb1&#8243; fullwidth=\u00bbon\u00bb _builder_version=\u00bb4.16&#8243; _module_preset=\u00bbdefault\u00bb global_colors_info=\u00bb{}\u00bb][\/et_pb_section]<\/p>\n","protected":false},"excerpt":{"rendered":"<p>Inicio \/ AlumnoscalendarIOS ESCOLAREScalendario oficial unamSERVICIOS ESCOLARESENSE\u00d1ANZA CL\u00cdNICASERVICIO SOCIALTITULACI\u00d3NegresadosSERVICIOS INTEGRALES PARA EL BIENESTARdirectorio<\/p>\n","protected":false},"author":5,"featured_media":0,"parent":0,"menu_order":0,"comment_status":"closed","ping_status":"closed","template":"","meta":{"_et_pb_use_builder":"on","_et_pb_old_content":"","_et_gb_content_width":"","footnotes":""},"class_list":["post-797","page","type-page","status-publish","hentry"],"jetpack_sharing_enabled":true,"publishpress_future_action":{"enabled":false,"date":"2026-05-24 09:24:38","action":"change-status","newStatus":"draft","terms":[],"taxonomy":"","extraData":[]},"publishpress_future_workflow_manual_trigger":{"enabledWorkflows":[]},"_links":{"self":[{"href":"https:\/\/fisioterapia.facmed.unam.mx\/index.php\/wp-json\/wp\/v2\/pages\/797","targetHints":{"allow":["GET"]}}],"collection":[{"href":"https:\/\/fisioterapia.facmed.unam.mx\/index.php\/wp-json\/wp\/v2\/pages"}],"about":[{"href":"https:\/\/fisioterapia.facmed.unam.mx\/index.php\/wp-json\/wp\/v2\/types\/page"}],"author":[{"embeddable":true,"href":"https:\/\/fisioterapia.facmed.unam.mx\/index.php\/wp-json\/wp\/v2\/users\/5"}],"replies":[{"embeddable":true,"href":"https:\/\/fisioterapia.facmed.unam.mx\/index.php\/wp-json\/wp\/v2\/comments?post=797"}],"version-history":[{"count":40,"href":"https:\/\/fisioterapia.facmed.unam.mx\/index.php\/wp-json\/wp\/v2\/pages\/797\/revisions"}],"predecessor-version":[{"id":2532,"href":"https:\/\/fisioterapia.facmed.unam.mx\/index.php\/wp-json\/wp\/v2\/pages\/797\/revisions\/2532"}],"wp:attachment":[{"href":"https:\/\/fisioterapia.facmed.unam.mx\/index.php\/wp-json\/wp\/v2\/media?parent=797"}],"curies":[{"name":"wp","href":"https:\/\/api.w.org\/{rel}","templated":true}]}}