{"id":1193,"date":"2024-10-09T16:54:08","date_gmt":"2024-10-09T16:54:08","guid":{"rendered":"https:\/\/fisioterapia.facmed.unam.mx\/?page_id=1193"},"modified":"2024-10-09T16:54:08","modified_gmt":"2024-10-09T16:54:08","slug":"mision-y-vision","status":"publish","type":"page","link":"https:\/\/fisioterapia.facmed.unam.mx\/index.php\/mision-y-vision\/","title":{"rendered":"Misi\u00f3n y Visi\u00f3n"},"content":{"rendered":"<p>[et_pb_section fb_built=\u00bb1&#8243; fullwidth=\u00bbon\u00bb _builder_version=\u00bb4.14.7&#8243; _module_preset=\u00bbdefault\u00bb global_colors_info=\u00bb{}\u00bb][et_pb_fullwidth_header title=\u00bbmisi\u00f3n y visi\u00f3n\u00bb _builder_version=\u00bb4.14.7&#8243; _module_preset=\u00bbdefault\u00bb title_font=\u00bbRaleway|900||on|||||\u00bb title_text_align=\u00bbcenter\u00bb title_font_size=\u00bb70px\u00bb background_color=\u00bb#105fd3&#8243; background_image=\u00bbhttps:\/\/fisioterapia.facmed.unam.mx\/wp-content\/uploads\/2024\/07\/IMG_3744-scaled.jpg\u00bb background_position=\u00bbbottom_center\u00bb background_blend=\u00bbmultiply\u00bb custom_margin=\u00bb-20px||-20px||true|false\u00bb custom_padding=\u00bb130px||130px||true|false\u00bb filter_brightness=\u00bb102%\u00bb title_text_shadow_style=\u00bbpreset1&#8243; title_text_shadow_horizontal_length=\u00bb-0.01em\u00bb title_text_shadow_vertical_length=\u00bb0.07em\u00bb title_text_shadow_blur_strength=\u00bb0.13em\u00bb title_text_shadow_color=\u00bb#171717&#8243; global_colors_info=\u00bb{}\u00bb][\/et_pb_fullwidth_header][\/et_pb_section][et_pb_section fb_built=\u00bb1&#8243; _builder_version=\u00bb4.14.7&#8243; _module_preset=\u00bbdefault\u00bb background_color=\u00bb#edecec\u00bb custom_padding=\u00bb12px||12px||true|false\u00bb box_shadow_style=\u00bbpreset3&#8243; box_shadow_vertical=\u00bb20px\u00bb box_shadow_blur=\u00bb17px\u00bb box_shadow_spread=\u00bb-20px\u00bb global_colors_info=\u00bb{}\u00bb][et_pb_row _builder_version=\u00bb4.14.7&#8243; _module_preset=\u00bbdefault\u00bb global_colors_info=\u00bb{}\u00bb][et_pb_column type=\u00bb4_4&#8243; _builder_version=\u00bb4.14.7&#8243; _module_preset=\u00bbdefault\u00bb global_colors_info=\u00bb{}\u00bb][et_pb_text _builder_version=\u00bb4.14.7&#8243; _module_preset=\u00bbdefault\u00bb text_font=\u00bbRaleway||||||||\u00bb text_text_color=\u00bb#4A4A4A\u00bb text_font_size=\u00bb16px\u00bb link_font=\u00bbRaleway|700|||||||\u00bb link_text_color=\u00bb#474747&#8243; link_font_size=\u00bb16px\u00bb header_5_font=\u00bbRaleway|100|||||||\u00bb hover_enabled=\u00bb0&#8243; global_colors_info=\u00bb{}\u00bb sticky_enabled=\u00bb0&#8243;]<\/p>\n<p style=\"text-align: center;\"><strong><a href=\"https:\/\/fisioterapia.facmed.unam.mx\/\" title=\"Inicio\">Inicio<\/a><\/strong> \/ Misi\u00f3n y Visi\u00f3n<\/p>\n<p>[\/et_pb_text][\/et_pb_column][\/et_pb_row][\/et_pb_section][et_pb_section fb_built=\u00bb1&#8243; _builder_version=\u00bb4.14.7&#8243; _module_preset=\u00bbdefault\u00bb custom_padding=\u00bb30px||32px|||\u00bb global_colors_info=\u00bb{}\u00bb][et_pb_row column_structure=\u00bb1_2,1_2&#8243; _builder_version=\u00bb4.14.7&#8243; _module_preset=\u00bbdefault\u00bb global_colors_info=\u00bb{}\u00bb][et_pb_column type=\u00bb1_2&#8243; _builder_version=\u00bb4.14.7&#8243; _module_preset=\u00bbdefault\u00bb global_colors_info=\u00bb{}\u00bb][et_pb_text _builder_version=\u00bb4.14.7&#8243; _module_preset=\u00bbdefault\u00bb header_font=\u00bbRaleway|900||on|||||\u00bb header_text_align=\u00bbcenter\u00bb header_text_color=\u00bb#00265E\u00bb header_font_size=\u00bb45px\u00bb min_height=\u00bb52px\u00bb custom_padding=\u00bb0px|70px||70px|false|true\u00bb border_color_all=\u00bb#FFFFFF\u00bb border_width_bottom=\u00bb2px\u00bb border_color_bottom=\u00bb#D6A03C\u00bb box_shadow_style=\u00bbpreset3&#8243; box_shadow_horizontal=\u00bb1px\u00bb box_shadow_vertical=\u00bb7px\u00bb box_shadow_blur=\u00bb8px\u00bb box_shadow_spread=\u00bb-8px\u00bb locked=\u00bboff\u00bb global_colors_info=\u00bb{}\u00bb]<\/p>\n<h1>misi\u00f3n<\/h1>\n<p>[\/et_pb_text][et_pb_text _builder_version=\u00bb4.14.7&#8243; _module_preset=\u00bbdefault\u00bb text_text_color=\u00bb#4A4A4A\u00bb text_font_size=\u00bb19px\u00bb text_line_height=\u00bb1.6em\u00bb custom_padding=\u00bb||0px|||\u00bb locked=\u00bboff\u00bb global_colors_info=\u00bb{}\u00bb]<\/p>\n<p style=\"text-align: justify;\"><span>Formar fisioterapeutas altamente calificados, con bases cient\u00edficas, cr\u00edticos y humanistas, capaces de difundir el conocimiento para la soluci\u00f3n de problemas de salud que afecten el movimiento humano.<\/span><\/p>\n<p>[\/et_pb_text][\/et_pb_column][et_pb_column type=\u00bb1_2&#8243; _builder_version=\u00bb4.14.7&#8243; _module_preset=\u00bbdefault\u00bb global_colors_info=\u00bb{}\u00bb][et_pb_text _builder_version=\u00bb4.14.7&#8243; _module_preset=\u00bbdefault\u00bb header_font=\u00bbRaleway|900||on|||||\u00bb header_text_align=\u00bbcenter\u00bb header_text_color=\u00bb#00265E\u00bb header_font_size=\u00bb45px\u00bb min_height=\u00bb52px\u00bb custom_padding=\u00bb0px|70px||70px|false|true\u00bb border_color_all=\u00bb#FFFFFF\u00bb border_width_bottom=\u00bb2px\u00bb border_color_bottom=\u00bb#D6A03C\u00bb box_shadow_style=\u00bbpreset3&#8243; box_shadow_horizontal=\u00bb1px\u00bb box_shadow_vertical=\u00bb7px\u00bb box_shadow_blur=\u00bb8px\u00bb box_shadow_spread=\u00bb-8px\u00bb locked=\u00bboff\u00bb global_colors_info=\u00bb{}\u00bb]<\/p>\n<h1>visi\u00f3n<\/h1>\n<p>[\/et_pb_text][et_pb_text _builder_version=\u00bb4.14.7&#8243; _module_preset=\u00bbdefault\u00bb text_text_color=\u00bb#4A4A4A\u00bb text_font_size=\u00bb19px\u00bb text_line_height=\u00bb1.6em\u00bb custom_padding=\u00bb||0px|||\u00bb locked=\u00bboff\u00bb global_colors_info=\u00bb{}\u00bb]<\/p>\n<p style=\"text-align: justify;\"><span>Ser el referente nacional en la formaci\u00f3n de fisioterapeutas, competentes en el ejercicio profesional en los diversos dominios de atenci\u00f3n cl\u00ednica, acad\u00e9mica y divulgaci\u00f3n cient\u00edfica.<\/span><\/p>\n<p>[\/et_pb_text][\/et_pb_column][\/et_pb_row][\/et_pb_section]<\/p>\n","protected":false},"excerpt":{"rendered":"<p>Inicio \/ Misi\u00f3n y Visi\u00f3nmisi\u00f3nFormar fisioterapeutas altamente calificados, con bases cient\u00edficas, cr\u00edticos y humanistas, capaces de difundir el conocimiento para la soluci\u00f3n de problemas de salud que afecten el movimiento humano.visi\u00f3nSer el referente nacional en la formaci\u00f3n de fisioterapeutas, competentes en el ejercicio profesional en los diversos dominios de atenci\u00f3n cl\u00ednica, acad\u00e9mica y divulgaci\u00f3n cient\u00edfica.<\/p>\n","protected":false},"author":5,"featured_media":0,"parent":0,"menu_order":0,"comment_status":"closed","ping_status":"closed","template":"","meta":{"_et_pb_use_builder":"on","_et_pb_old_content":"","_et_gb_content_width":"","footnotes":""},"class_list":["post-1193","page","type-page","status-publish","hentry"],"jetpack_sharing_enabled":true,"publishpress_future_action":{"enabled":false,"date":"2026-05-18 08:48:33","action":"change-status","newStatus":"draft","terms":[],"taxonomy":"","extraData":[]},"publishpress_future_workflow_manual_trigger":{"enabledWorkflows":[]},"_links":{"self":[{"href":"https:\/\/fisioterapia.facmed.unam.mx\/index.php\/wp-json\/wp\/v2\/pages\/1193","targetHints":{"allow":["GET"]}}],"collection":[{"href":"https:\/\/fisioterapia.facmed.unam.mx\/index.php\/wp-json\/wp\/v2\/pages"}],"about":[{"href":"https:\/\/fisioterapia.facmed.unam.mx\/index.php\/wp-json\/wp\/v2\/types\/page"}],"author":[{"embeddable":true,"href":"https:\/\/fisioterapia.facmed.unam.mx\/index.php\/wp-json\/wp\/v2\/users\/5"}],"replies":[{"embeddable":true,"href":"https:\/\/fisioterapia.facmed.unam.mx\/index.php\/wp-json\/wp\/v2\/comments?post=1193"}],"version-history":[{"count":5,"href":"https:\/\/fisioterapia.facmed.unam.mx\/index.php\/wp-json\/wp\/v2\/pages\/1193\/revisions"}],"predecessor-version":[{"id":1461,"href":"https:\/\/fisioterapia.facmed.unam.mx\/index.php\/wp-json\/wp\/v2\/pages\/1193\/revisions\/1461"}],"wp:attachment":[{"href":"https:\/\/fisioterapia.facmed.unam.mx\/index.php\/wp-json\/wp\/v2\/media?parent=1193"}],"curies":[{"name":"wp","href":"https:\/\/api.w.org\/{rel}","templated":true}]}}