{"id":1044,"date":"2024-10-09T16:38:52","date_gmt":"2024-10-09T16:38:52","guid":{"rendered":"https:\/\/fisioterapia.facmed.unam.mx\/?page_id=1044"},"modified":"2024-10-09T16:55:51","modified_gmt":"2024-10-09T16:55:51","slug":"perfil-profesional","status":"publish","type":"page","link":"https:\/\/fisioterapia.facmed.unam.mx\/index.php\/perfil-profesional\/","title":{"rendered":"Perfil Profesional"},"content":{"rendered":"<p>[et_pb_section fb_built=\u00bb1&#8243; fullwidth=\u00bbon\u00bb _builder_version=\u00bb4.14.7&#8243; _module_preset=\u00bbdefault\u00bb global_colors_info=\u00bb{}\u00bb][et_pb_fullwidth_header title=\u00bbperfil profesional\u00bb _builder_version=\u00bb4.14.7&#8243; _module_preset=\u00bbdefault\u00bb title_font=\u00bbRaleway|900||on|||||\u00bb title_text_align=\u00bbcenter\u00bb title_font_size=\u00bb70px\u00bb background_color=\u00bb#105fd3&#8243; background_image=\u00bbhttps:\/\/fisioterapia.facmed.unam.mx\/wp-content\/uploads\/2024\/05\/IMG_20220303_113545-scaled.jpg\u00bb background_position=\u00bbtop_center\u00bb background_blend=\u00bbmultiply\u00bb custom_margin=\u00bb-20px||-20px||true|false\u00bb custom_padding=\u00bb130px||130px||true|false\u00bb filter_brightness=\u00bb102%\u00bb title_text_shadow_style=\u00bbpreset1&#8243; title_text_shadow_horizontal_length=\u00bb-0.01em\u00bb title_text_shadow_vertical_length=\u00bb0.07em\u00bb title_text_shadow_blur_strength=\u00bb0.13em\u00bb title_text_shadow_color=\u00bb#171717&#8243; global_colors_info=\u00bb{}\u00bb][\/et_pb_fullwidth_header][\/et_pb_section][et_pb_section fb_built=\u00bb1&#8243; _builder_version=\u00bb4.14.7&#8243; _module_preset=\u00bbdefault\u00bb background_color=\u00bb#edecec\u00bb custom_padding=\u00bb12px||12px||true|false\u00bb box_shadow_style=\u00bbpreset3&#8243; box_shadow_vertical=\u00bb20px\u00bb box_shadow_blur=\u00bb17px\u00bb box_shadow_spread=\u00bb-20px\u00bb global_colors_info=\u00bb{}\u00bb][et_pb_row _builder_version=\u00bb4.14.7&#8243; _module_preset=\u00bbdefault\u00bb global_colors_info=\u00bb{}\u00bb][et_pb_column type=\u00bb4_4&#8243; _builder_version=\u00bb4.14.7&#8243; _module_preset=\u00bbdefault\u00bb global_colors_info=\u00bb{}\u00bb][et_pb_text _builder_version=\u00bb4.14.7&#8243; _module_preset=\u00bbdefault\u00bb text_font=\u00bbRaleway||||||||\u00bb text_text_color=\u00bb#4A4A4A\u00bb text_font_size=\u00bb16px\u00bb link_font=\u00bbRaleway|700|||||||\u00bb link_text_color=\u00bb#474747&#8243; link_font_size=\u00bb16px\u00bb header_5_font=\u00bbRaleway|100|||||||\u00bb hover_enabled=\u00bb0&#8243; global_colors_info=\u00bb{}\u00bb sticky_enabled=\u00bb0&#8243;]<\/p>\n<p style=\"text-align: center;\"><strong><a href=\"https:\/\/fisioterapia.facmed.unam.mx\/\" title=\"Inicio\">Inicio<\/a><\/strong> \/ Perfil Profesional<\/p>\n<p>[\/et_pb_text][\/et_pb_column][\/et_pb_row][\/et_pb_section][et_pb_section fb_built=\u00bb1&#8243; _builder_version=\u00bb4.14.7&#8243; _module_preset=\u00bbdefault\u00bb custom_padding=\u00bb30px||32px|||\u00bb global_colors_info=\u00bb{}\u00bb][et_pb_row _builder_version=\u00bb4.14.7&#8243; _module_preset=\u00bbdefault\u00bb custom_padding=\u00bb||15px|||\u00bb global_colors_info=\u00bb{}\u00bb][et_pb_column type=\u00bb4_4&#8243; _builder_version=\u00bb4.14.7&#8243; _module_preset=\u00bbdefault\u00bb global_colors_info=\u00bb{}\u00bb][et_pb_text _builder_version=\u00bb4.14.7&#8243; _module_preset=\u00bbdefault\u00bb text_line_height=\u00bb1.9em\u00bb header_3_line_height=\u00bb1.3em\u00bb border_width_bottom=\u00bb2px\u00bb border_color_bottom=\u00bb#D6A03C\u00bb border_style_bottom=\u00bbdotted\u00bb box_shadow_style=\u00bbpreset3&#8243; box_shadow_vertical=\u00bb7px\u00bb box_shadow_blur=\u00bb10px\u00bb box_shadow_spread=\u00bb-7px\u00bb global_colors_info=\u00bb{}\u00bb]<\/p>\n<h3 style=\"text-align: center;\"><strong>El profesional de la fisioterapia ser\u00e1 apto para actuar en todos los niveles de atenci\u00f3n a la salud,<br \/>conceptualizando a la salud con visi\u00f3n amplia y global, respetando los principios \u00e9ticos, morales<br \/>y culturales del individuo y de la comunidad con el objetivo de preservar, desarrollar y restaurar la<br \/>integridad del movimiento corporal, por lo que mostrar\u00e1: <\/strong><\/h3>\n<p>[\/et_pb_text][\/et_pb_column][\/et_pb_row][et_pb_row _builder_version=\u00bb4.14.7&#8243; _module_preset=\u00bbdefault\u00bb custom_padding=\u00bb23px||10px|||\u00bb global_colors_info=\u00bb{}\u00bb][et_pb_column type=\u00bb4_4&#8243; _builder_version=\u00bb4.14.7&#8243; _module_preset=\u00bbdefault\u00bb global_colors_info=\u00bb{}\u00bb][et_pb_text _builder_version=\u00bb4.14.7&#8243; _module_preset=\u00bbdefault\u00bb text_text_color=\u00bb#4A4A4A\u00bb text_font_size=\u00bb19px\u00bb text_line_height=\u00bb1.6em\u00bb custom_padding=\u00bb||0px|||\u00bb global_colors_info=\u00bb{}\u00bb]<\/p>\n<ul>\n<li style=\"list-style-type: none;\">\n<ul>\n<li style=\"text-align: justify;\">Juicio cr\u00edtico y cl\u00ednico para la aplicaci\u00f3n del modelo de intervenci\u00f3n en fisioterapia en sus diferentes dominios, con conocimientos, habilidades y actitudes en labores de prevenci\u00f3n de enfermedades, as\u00ed como de promoci\u00f3n, mantenimiento, protecci\u00f3n y recuperaci\u00f3n de la salud en individuos en cualquier etapa de la vida que presenten disfunciones, discapacidades y alteraciones del movimiento.<\/li>\n<\/ul>\n<\/li>\n<\/ul>\n<ul>\n<li style=\"list-style-type: none;\">\n<ul>\n<li style=\"text-align: justify;\">Capacidad de atenci\u00f3n integral en los rubros de evaluaci\u00f3n, diagn\u00f3stico e intervenci\u00f3n a la poblaci\u00f3n en las distintas etapas de la vida seg\u00fan el \u00e1rea de profundizaci\u00f3n cursada, ejerciendo su autonom\u00eda profesional en los \u00e1mbitos privados.<\/li>\n<\/ul>\n<\/li>\n<\/ul>\n<ul>\n<li style=\"list-style-type: none;\">\n<ul>\n<li style=\"text-align: justify;\">Capacidad de atenci\u00f3n integral en los rubros de evaluaci\u00f3n, diagn\u00f3stico e intervenci\u00f3n a la poblaci\u00f3n en las distintas etapas de la vida, seg\u00fan el \u00e1rea de profundizaci\u00f3n cursada, con base en los avances cient\u00edficos y tecnol\u00f3gicos a nivel colectivo (instituciones de salud) ejerciendo su capacidad para trabajar en equipo.<\/li>\n<\/ul>\n<\/li>\n<\/ul>\n<p>[\/et_pb_text][\/et_pb_column][\/et_pb_row][\/et_pb_section]<\/p>\n","protected":false},"excerpt":{"rendered":"<p>Inicio \/ Perfil ProfesionalEl profesional de la fisioterapia ser\u00e1 apto para actuar en todos los niveles de atenci\u00f3n a la salud,conceptualizando a la salud con visi\u00f3n amplia y global, respetando los principios \u00e9ticos, moralesy culturales del individuo y de la comunidad con el objetivo de preservar, desarrollar y restaurar laintegridad del movimiento corporal, por lo [&hellip;]<\/p>\n","protected":false},"author":5,"featured_media":0,"parent":0,"menu_order":0,"comment_status":"closed","ping_status":"closed","template":"","meta":{"_et_pb_use_builder":"on","_et_pb_old_content":"","_et_gb_content_width":"","footnotes":""},"class_list":["post-1044","page","type-page","status-publish","hentry"],"jetpack_sharing_enabled":true,"publishpress_future_action":{"enabled":false,"date":"2026-04-10 18:06:39","action":"change-status","newStatus":"draft","terms":[],"taxonomy":"","extraData":[]},"publishpress_future_workflow_manual_trigger":{"enabledWorkflows":[]},"_links":{"self":[{"href":"https:\/\/fisioterapia.facmed.unam.mx\/index.php\/wp-json\/wp\/v2\/pages\/1044","targetHints":{"allow":["GET"]}}],"collection":[{"href":"https:\/\/fisioterapia.facmed.unam.mx\/index.php\/wp-json\/wp\/v2\/pages"}],"about":[{"href":"https:\/\/fisioterapia.facmed.unam.mx\/index.php\/wp-json\/wp\/v2\/types\/page"}],"author":[{"embeddable":true,"href":"https:\/\/fisioterapia.facmed.unam.mx\/index.php\/wp-json\/wp\/v2\/users\/5"}],"replies":[{"embeddable":true,"href":"https:\/\/fisioterapia.facmed.unam.mx\/index.php\/wp-json\/wp\/v2\/comments?post=1044"}],"version-history":[{"count":8,"href":"https:\/\/fisioterapia.facmed.unam.mx\/index.php\/wp-json\/wp\/v2\/pages\/1044\/revisions"}],"predecessor-version":[{"id":1462,"href":"https:\/\/fisioterapia.facmed.unam.mx\/index.php\/wp-json\/wp\/v2\/pages\/1044\/revisions\/1462"}],"wp:attachment":[{"href":"https:\/\/fisioterapia.facmed.unam.mx\/index.php\/wp-json\/wp\/v2\/media?parent=1044"}],"curies":[{"name":"wp","href":"https:\/\/api.w.org\/{rel}","templated":true}]}}