{"id":1035,"date":"2024-10-09T16:38:49","date_gmt":"2024-10-09T16:38:49","guid":{"rendered":"https:\/\/fisioterapia.facmed.unam.mx\/?page_id=1035"},"modified":"2024-10-09T16:58:28","modified_gmt":"2024-10-09T16:58:28","slug":"perfil-de-egreso","status":"publish","type":"page","link":"https:\/\/fisioterapia.facmed.unam.mx\/index.php\/perfil-de-egreso\/","title":{"rendered":"Perfil de Egreso"},"content":{"rendered":"<p>[et_pb_section fb_built=\u00bb1&#8243; fullwidth=\u00bbon\u00bb _builder_version=\u00bb4.14.7&#8243; _module_preset=\u00bbdefault\u00bb global_colors_info=\u00bb{}\u00bb][et_pb_fullwidth_header title=\u00bbperfil de egreso\u00bb _builder_version=\u00bb4.14.7&#8243; _module_preset=\u00bbdefault\u00bb title_font=\u00bbRaleway|900||on|||||\u00bb title_text_align=\u00bbcenter\u00bb title_font_size=\u00bb70px\u00bb background_color=\u00bb#105fd3&#8243; background_image=\u00bbhttps:\/\/fisioterapia.facmed.unam.mx\/wp-content\/uploads\/2024\/05\/IMG_20220303_113545-scaled.jpg\u00bb background_position=\u00bbtop_center\u00bb background_blend=\u00bbmultiply\u00bb custom_margin=\u00bb-20px||-20px||true|false\u00bb custom_padding=\u00bb130px||130px||true|false\u00bb filter_brightness=\u00bb102%\u00bb title_text_shadow_style=\u00bbpreset1&#8243; title_text_shadow_horizontal_length=\u00bb-0.01em\u00bb title_text_shadow_vertical_length=\u00bb0.07em\u00bb title_text_shadow_blur_strength=\u00bb0.13em\u00bb title_text_shadow_color=\u00bb#171717&#8243; global_colors_info=\u00bb{}\u00bb][\/et_pb_fullwidth_header][\/et_pb_section][et_pb_section fb_built=\u00bb1&#8243; _builder_version=\u00bb4.14.7&#8243; _module_preset=\u00bbdefault\u00bb background_color=\u00bb#edecec\u00bb custom_padding=\u00bb12px||12px||true|false\u00bb box_shadow_style=\u00bbpreset3&#8243; box_shadow_vertical=\u00bb20px\u00bb box_shadow_blur=\u00bb17px\u00bb box_shadow_spread=\u00bb-20px\u00bb global_colors_info=\u00bb{}\u00bb][et_pb_row _builder_version=\u00bb4.14.7&#8243; _module_preset=\u00bbdefault\u00bb global_colors_info=\u00bb{}\u00bb][et_pb_column type=\u00bb4_4&#8243; _builder_version=\u00bb4.14.7&#8243; _module_preset=\u00bbdefault\u00bb global_colors_info=\u00bb{}\u00bb][et_pb_text _builder_version=\u00bb4.14.7&#8243; _module_preset=\u00bbdefault\u00bb text_font=\u00bbRaleway||||||||\u00bb text_text_color=\u00bb#4A4A4A\u00bb text_font_size=\u00bb16px\u00bb link_font=\u00bbRaleway|700|||||||\u00bb link_text_color=\u00bb#474747&#8243; link_font_size=\u00bb16px\u00bb header_5_font=\u00bbRaleway|100|||||||\u00bb hover_enabled=\u00bb0&#8243; global_colors_info=\u00bb{}\u00bb sticky_enabled=\u00bb0&#8243;]<\/p>\n<p style=\"text-align: center;\"><strong><a href=\"https:\/\/fisioterapia.facmed.unam.mx\/\" title=\"Inicio\">Inicio<\/a><\/strong> \/ Perfil de Egreso<\/p>\n<p>[\/et_pb_text][\/et_pb_column][\/et_pb_row][\/et_pb_section][et_pb_section fb_built=\u00bb1&#8243; _builder_version=\u00bb4.14.7&#8243; _module_preset=\u00bbdefault\u00bb custom_padding=\u00bb30px||32px|||\u00bb global_colors_info=\u00bb{}\u00bb][et_pb_row _builder_version=\u00bb4.14.7&#8243; _module_preset=\u00bbdefault\u00bb custom_padding=\u00bb||15px|||\u00bb global_colors_info=\u00bb{}\u00bb][et_pb_column type=\u00bb4_4&#8243; _builder_version=\u00bb4.14.7&#8243; _module_preset=\u00bbdefault\u00bb global_colors_info=\u00bb{}\u00bb][et_pb_text _builder_version=\u00bb4.14.7&#8243; _module_preset=\u00bbdefault\u00bb border_width_bottom=\u00bb2px\u00bb border_color_bottom=\u00bb#D6A03C\u00bb border_style_bottom=\u00bbdotted\u00bb box_shadow_style=\u00bbpreset3&#8243; box_shadow_vertical=\u00bb7px\u00bb box_shadow_blur=\u00bb10px\u00bb box_shadow_spread=\u00bb-7px\u00bb global_colors_info=\u00bb{}\u00bb]<\/p>\n<h3 style=\"text-align: center;\"><strong>Al finalizar la Licenciatura en Fisioterapia, el alumno ser\u00e1 capaz de demostrar conocimientos en: <\/strong><\/h3>\n<p>[\/et_pb_text][\/et_pb_column][\/et_pb_row][et_pb_row _builder_version=\u00bb4.14.7&#8243; _module_preset=\u00bbdefault\u00bb custom_padding=\u00bb13px||10px|||\u00bb global_colors_info=\u00bb{}\u00bb][et_pb_column type=\u00bb4_4&#8243; _builder_version=\u00bb4.14.7&#8243; _module_preset=\u00bbdefault\u00bb global_colors_info=\u00bb{}\u00bb][et_pb_text _builder_version=\u00bb4.14.7&#8243; _module_preset=\u00bbdefault\u00bb text_text_color=\u00bb#4A4A4A\u00bb text_font_size=\u00bb19px\u00bb text_line_height=\u00bb1.6em\u00bb custom_padding=\u00bb||0px|||\u00bb global_colors_info=\u00bb{}\u00bb]<\/p>\n<ul>\n<li style=\"list-style-type: none;\">\n<ul>\n<li style=\"text-align: justify;\"><strong>Los componentes de la estructura y funci\u00f3n del cuerpo humano con \u00e9nfasis en los sistemas base y modulador como elementos esenciales para el control motor.<\/strong><strong><\/strong><\/li>\n<\/ul>\n<\/li>\n<\/ul>\n<ul>\n<li style=\"list-style-type: none;\">\n<ul>\n<li style=\"text-align: justify;\"><strong>Los principios de la biof\u00edsica, la biomec\u00e1nica y la cinesiolog\u00eda, aplicables a la soluci\u00f3n de las discapacidades, disfunciones y limitaciones del movimiento.<\/strong><\/li>\n<\/ul>\n<\/li>\n<\/ul>\n<ul>\n<li style=\"list-style-type: none;\">\n<ul>\n<li style=\"text-align: justify;\"><strong>Los factores psicosociales como determinantes de la salud, tanto del individuo como de la familia y la comunidad, y su relaci\u00f3n con la discapacidad.<\/strong><strong><\/strong><\/li>\n<\/ul>\n<\/li>\n<\/ul>\n<ul>\n<li style=\"list-style-type: none;\">\n<ul>\n<li style=\"text-align: justify;\"><strong>Los fundamentos te\u00f3ricos y filos\u00f3ficos de la fisioterapia, el modelo de atenci\u00f3n fisioterap\u00e9utico, las valoraciones y pruebas funcionales propias de la fisioterapia.<\/strong><\/li>\n<\/ul>\n<\/li>\n<\/ul>\n<ul>\n<li style=\"list-style-type: none;\">\n<ul>\n<li style=\"text-align: justify;\"><strong>Los procedimientos fisioterap\u00e9uticos basados en t\u00e9cnicas y m\u00e9todos espec\u00edficos de la actuaci\u00f3n fisioterap\u00e9utica, para aplicarlos en las diferentes alteraciones del sistema del movimiento.<\/strong><\/li>\n<\/ul>\n<\/li>\n<\/ul>\n<ul>\n<li style=\"list-style-type: none;\">\n<ul>\n<li style=\"text-align: justify;\"><strong>Las metodolog\u00edas de investigaci\u00f3n y de evaluaci\u00f3n que permitan la integraci\u00f3n de perspectivas te\u00f3ricas y experiencias de investigaci\u00f3n en el dise\u00f1o e implantaci\u00f3n de una fisioterapia basada en la evidencia.<\/strong><strong><\/strong><\/li>\n<\/ul>\n<\/li>\n<\/ul>\n<ul>\n<li style=\"list-style-type: none;\">\n<ul>\n<li style=\"text-align: justify;\"><strong>Los procesos de administraci\u00f3n y gesti\u00f3n en salud, especialmente de los servicios de fisioterapia.<\/strong><\/li>\n<\/ul>\n<\/li>\n<\/ul>\n<ul>\n<li style=\"list-style-type: none;\">\n<ul>\n<li style=\"text-align: justify;\"><strong>Los conceptos fundamentales de la salud, sistemas de salud, niveles asistenciales y epidemiolog\u00eda, y su aplicaci\u00f3n a la soluci\u00f3n de problemas relacionados con la fisioterapia.<\/strong><\/li>\n<\/ul>\n<\/li>\n<\/ul>\n<p><strong><\/strong><\/p>\n<ul>\n<li style=\"list-style-type: none;\">\n<ul>\n<li style=\"text-align: justify;\"><strong>Manejar los diversos contextos en los que se inserta la fisioterapia en el proceso salud-enfermedad.<\/strong><\/li>\n<\/ul>\n<\/li>\n<\/ul>\n<ul>\n<li style=\"list-style-type: none;\">\n<ul>\n<li style=\"text-align: justify;\"><strong>El conocimiento de las normas \u00e9ticas, legales y profesionales que conforman la pr\u00e1ctica de la fisioterapia, los c\u00f3digos deontol\u00f3gicos de la profesi\u00f3n y normas legales de \u00e1mbito profesional.<\/strong><\/li>\n<\/ul>\n<\/li>\n<\/ul>\n<ul>\n<li style=\"list-style-type: none;\">\n<ul>\n<li style=\"text-align: justify;\"><strong>El dominio del idioma ingl\u00e9s.<\/strong><\/li>\n<\/ul>\n<\/li>\n<\/ul>\n<ul>\n<li style=\"list-style-type: none;\">\n<ul>\n<li style=\"text-align: justify;\"><strong>En el manejo de nuevas t\u00e9cnicas de informaci\u00f3n y comunicaci\u00f3n, lo que permitir\u00e1 a los estudiantes estar comunicados entre s\u00ed y con sus maestros para resolver cualquier problem\u00e1tica en el campo no solo de la fisioterapia<\/strong><\/li>\n<\/ul>\n<\/li>\n<\/ul>\n<p>[\/et_pb_text][\/et_pb_column][\/et_pb_row][et_pb_row column_structure=\u00bb1_2,1_2&#8243; _builder_version=\u00bb4.14.7&#8243; _module_preset=\u00bbdefault\u00bb min_height=\u00bb1527.7px\u00bb custom_padding=\u00bb16px||15px|||\u00bb global_colors_info=\u00bb{}\u00bb][et_pb_column type=\u00bb1_2&#8243; _builder_version=\u00bb4.14.7&#8243; _module_preset=\u00bbdefault\u00bb global_colors_info=\u00bb{}\u00bb][et_pb_text _builder_version=\u00bb4.14.7&#8243; _module_preset=\u00bbdefault\u00bb border_width_bottom=\u00bb2px\u00bb border_color_bottom=\u00bb#D6A03C\u00bb border_style_bottom=\u00bbdotted\u00bb box_shadow_style=\u00bbpreset3&#8243; box_shadow_vertical=\u00bb7px\u00bb box_shadow_blur=\u00bb10px\u00bb box_shadow_spread=\u00bb-7px\u00bb global_colors_info=\u00bb{}\u00bb]<\/p>\n<h3 style=\"text-align: left;\"><strong>Habilidades para:<\/strong><\/h3>\n<p>[\/et_pb_text][et_pb_text _builder_version=\u00bb4.14.7&#8243; _module_preset=\u00bbdefault\u00bb text_text_color=\u00bb#4A4A4A\u00bb text_font_size=\u00bb19px\u00bb text_line_height=\u00bb1.6em\u00bb custom_padding=\u00bb||0px|||\u00bb global_colors_info=\u00bb{}\u00bb]<\/p>\n<ul>\n<li style=\"list-style-type: none;\">\n<ul>\n<li><strong>Conjugar el conocimiento con las t\u00e9cnicas y procedimientos fisioterap\u00e9uticos en la prevenci\u00f3n, promoci\u00f3n y cuidado de la salud en cualquier nivel de atenci\u00f3n.<\/strong><\/li>\n<\/ul>\n<\/li>\n<\/ul>\n<ul>\n<li style=\"list-style-type: none;\">\n<ul>\n<li><strong>Analizar aspectos biopsicosociales consecuentes a entidades patol\u00f3gicas del movimiento, derivadas de accidentes o enfermedades e interpretarlos desde un enfoque hol\u00edstico.<\/strong><strong><\/strong><\/li>\n<\/ul>\n<\/li>\n<\/ul>\n<ul>\n<li style=\"list-style-type: none;\">\n<ul>\n<li><strong>Evaluar el movimiento y funcionamiento muscular y articular del cuerpo humano, para establecer el diagn\u00f3stico diferencial en fisioterapia.<\/strong><\/li>\n<\/ul>\n<\/li>\n<\/ul>\n<ul>\n<li style=\"list-style-type: none;\">\n<ul>\n<li><strong>Dise\u00f1ar, aplicar y evaluar los planes de tratamiento fisioterap\u00e9utico adecuado a las necesidades del paciente, priorizando los problemas de discapacidad f\u00edsica.<\/strong><\/li>\n<\/ul>\n<\/li>\n<\/ul>\n<ul>\n<li style=\"list-style-type: none;\">\n<ul>\n<li><strong>Tomar decisiones y solucionar problemas en su \u00e1mbito profesional, con el objetivo de dar respuestas a las necesidades del individuo y de la comunidad en el contexto local, regional, nacional e internacional.<\/strong><\/li>\n<\/ul>\n<\/li>\n<\/ul>\n<ul>\n<li style=\"list-style-type: none;\">\n<ul>\n<li><strong>Ejercer su liderazgo para desarrollar y proponer modelos alternativos de atenci\u00f3n a la salud y de vinculaci\u00f3n con los sectores social y productivo en el \u00e1rea de fisioterapia, que propicien el desarrollo y prestigio de su profesi\u00f3n.<\/strong><\/li>\n<\/ul>\n<\/li>\n<\/ul>\n<ul>\n<li style=\"list-style-type: none;\">\n<ul>\n<li><strong>Organizar sistem\u00e1ticamente su experiencia para innovar en la atenci\u00f3n fisioterap\u00e9utica.<\/strong><\/li>\n<\/ul>\n<\/li>\n<\/ul>\n<ul>\n<li style=\"list-style-type: none;\">\n<ul>\n<li><strong>Integrar sistemas de gesti\u00f3n y administraci\u00f3n en fisioterapia en el campo de la salud p\u00fablica y privada, en sus diferentes niveles de atenci\u00f3n realizando sus actividades profesionales con un alto nivel de calidad.<\/strong><\/li>\n<\/ul>\n<\/li>\n<\/ul>\n<ul>\n<li style=\"list-style-type: none;\">\n<ul>\n<li><strong>Usar las herramientas para la innovaci\u00f3n tecnol\u00f3gica, as\u00ed como para la investigaci\u00f3n cient\u00edfica.<\/strong><\/li>\n<\/ul>\n<\/li>\n<\/ul>\n<ul>\n<li style=\"list-style-type: none;\">\n<ul>\n<li><strong>Incorporar las habilidades para la investigaci\u00f3n y convertirlas en un instrumento de aprendizaje y participar en la divulgaci\u00f3n del conocimiento.<\/strong><\/li>\n<\/ul>\n<\/li>\n<\/ul>\n<ul>\n<li style=\"list-style-type: none;\">\n<ul>\n<li><strong>Desarrollar un pensamiento abierto y flexible con capacidad de asombro, que le permita la integraci\u00f3n de nuevos conocimientos para un aprendizaje a lo largo de la vida. <\/strong><\/li>\n<\/ul>\n<\/li>\n<\/ul>\n<ul>\n<li style=\"list-style-type: none;\">\n<ul><\/ul>\n<\/li>\n<\/ul>\n<p>[\/et_pb_text][\/et_pb_column][et_pb_column type=\u00bb1_2&#8243; _builder_version=\u00bb4.14.7&#8243; _module_preset=\u00bbdefault\u00bb global_colors_info=\u00bb{}\u00bb][et_pb_text _builder_version=\u00bb4.14.7&#8243; _module_preset=\u00bbdefault\u00bb border_width_bottom=\u00bb2px\u00bb border_color_bottom=\u00bb#D6A03C\u00bb border_style_bottom=\u00bbdotted\u00bb box_shadow_style=\u00bbpreset3&#8243; box_shadow_vertical=\u00bb7px\u00bb box_shadow_blur=\u00bb10px\u00bb box_shadow_spread=\u00bb-7px\u00bb global_colors_info=\u00bb{}\u00bb]<\/p>\n<h3><strong>Actitudes y valores para: <\/strong><\/h3>\n<p>[\/et_pb_text][et_pb_text _builder_version=\u00bb4.14.7&#8243; _module_preset=\u00bbdefault\u00bb text_text_color=\u00bb#4A4A4A\u00bb text_font_size=\u00bb19px\u00bb text_line_height=\u00bb1.6em\u00bb custom_padding=\u00bb||0px|||\u00bb global_colors_info=\u00bb{}\u00bb]<\/p>\n<ul>\n<li style=\"list-style-type: none;\">\n<ul>\n<li><strong>Construir su escala de valores en forma racional y aut\u00f3noma con una \u00e9tica inscrita en valores consensuados universalmente.<\/strong><\/li>\n<\/ul>\n<\/li>\n<\/ul>\n<ul>\n<li style=\"list-style-type: none;\">\n<ul>\n<li><strong>Desarrollar los valores \u00e9ticos de la profesi\u00f3n que le permitan actuar adecuadamente dentro del campo laboral y social de manera cooperativa y colaborativa.<\/strong><\/li>\n<\/ul>\n<\/li>\n<\/ul>\n<ul>\n<li style=\"list-style-type: none;\">\n<ul>\n<li><strong>Desarrollar un trabajo en equipo con el m\u00e9dico tratante, procurando intervenir con las limitaciones que le impone su \u00e1mbito profesional<\/strong><\/li>\n<\/ul>\n<\/li>\n<\/ul>\n<ul>\n<li style=\"list-style-type: none;\">\n<ul>\n<li><strong>Realizar un trabajo con el equipo interdisciplinario de rehabilitaci\u00f3n, respetando el \u00e1mbito profesional de cada uno ellos.<\/strong><\/li>\n<\/ul>\n<\/li>\n<\/ul>\n<ul>\n<li style=\"list-style-type: none;\">\n<ul>\n<li><strong>Ejercer los valores del pluralismo, democracia, equidad, solidaridad, tolerancia y paz, en la b\u00fasqueda de soluciones a trav\u00e9s del di\u00e1logo y la negociaci\u00f3n en los conflictos que deba abordar.<\/strong><\/li>\n<\/ul>\n<\/li>\n<\/ul>\n<ul>\n<li style=\"list-style-type: none;\">\n<ul>\n<li><strong>Ser promotor de la convivencia multicultural, capaz de tener apertura al cambio, comprensi\u00f3n y tolerancia hacia la diversidad.<\/strong><\/li>\n<\/ul>\n<\/li>\n<\/ul>\n<ul>\n<li style=\"list-style-type: none;\">\n<ul>\n<li><strong>Identificar \u00e1reas de oportunidad para su desarrollo personal y del entorno.<\/strong><\/li>\n<\/ul>\n<\/li>\n<\/ul>\n<ul>\n<li style=\"list-style-type: none;\">\n<ul>\n<li><strong>Establecer una relaci\u00f3n fisioterapeuta-paciente de respeto y compromiso<\/strong><\/li>\n<\/ul>\n<\/li>\n<\/ul>\n<ul>\n<li style=\"list-style-type: none;\">\n<ul><\/ul>\n<\/li>\n<\/ul>\n<p>[\/et_pb_text][\/et_pb_column][\/et_pb_row][\/et_pb_section]<\/p>\n","protected":false},"excerpt":{"rendered":"<p>Inicio \/ Perfil de EgresoAl finalizar la Licenciatura en Fisioterapia, el alumno ser\u00e1 capaz de demostrar conocimientos en: Los componentes de la estructura y funci\u00f3n del cuerpo humano con \u00e9nfasis en los sistemas base y modulador como elementos esenciales para el control motor. Los principios de la biof\u00edsica, la biomec\u00e1nica y la cinesiolog\u00eda, aplicables a [&hellip;]<\/p>\n","protected":false},"author":5,"featured_media":0,"parent":0,"menu_order":0,"comment_status":"closed","ping_status":"closed","template":"","meta":{"_et_pb_use_builder":"on","_et_pb_old_content":"","_et_gb_content_width":"","footnotes":""},"class_list":["post-1035","page","type-page","status-publish","hentry"],"jetpack_sharing_enabled":true,"publishpress_future_action":{"enabled":false,"date":"2026-04-10 19:55:58","action":"change-status","newStatus":"draft","terms":[],"taxonomy":"","extraData":[]},"publishpress_future_workflow_manual_trigger":{"enabledWorkflows":[]},"_links":{"self":[{"href":"https:\/\/fisioterapia.facmed.unam.mx\/index.php\/wp-json\/wp\/v2\/pages\/1035","targetHints":{"allow":["GET"]}}],"collection":[{"href":"https:\/\/fisioterapia.facmed.unam.mx\/index.php\/wp-json\/wp\/v2\/pages"}],"about":[{"href":"https:\/\/fisioterapia.facmed.unam.mx\/index.php\/wp-json\/wp\/v2\/types\/page"}],"author":[{"embeddable":true,"href":"https:\/\/fisioterapia.facmed.unam.mx\/index.php\/wp-json\/wp\/v2\/users\/5"}],"replies":[{"embeddable":true,"href":"https:\/\/fisioterapia.facmed.unam.mx\/index.php\/wp-json\/wp\/v2\/comments?post=1035"}],"version-history":[{"count":7,"href":"https:\/\/fisioterapia.facmed.unam.mx\/index.php\/wp-json\/wp\/v2\/pages\/1035\/revisions"}],"predecessor-version":[{"id":1459,"href":"https:\/\/fisioterapia.facmed.unam.mx\/index.php\/wp-json\/wp\/v2\/pages\/1035\/revisions\/1459"}],"wp:attachment":[{"href":"https:\/\/fisioterapia.facmed.unam.mx\/index.php\/wp-json\/wp\/v2\/media?parent=1035"}],"curies":[{"name":"wp","href":"https:\/\/api.w.org\/{rel}","templated":true}]}}